{"id":5304,"date":"2026-04-02T17:21:31","date_gmt":"2026-04-02T15:21:31","guid":{"rendered":"https:\/\/www.bastore.es\/?post_type=product&#038;p=5304"},"modified":"2026-04-02T17:21:31","modified_gmt":"2026-04-02T15:21:31","slug":"allt-i-ett","status":"publish","type":"product","link":"https:\/\/www.bastore.es\/en\/producto\/allt-i-ett\/","title":{"rendered":"ALLT-i-ETT"},"content":{"rendered":"<p><strong>ALLT-I-ETT: Todo lo que necesitas. En uno.<\/strong><\/p>\n<p>Allt-i-Ett (\u201ctodo en uno\u201d en noruego y sueco) est\u00e1 dise\u00f1ado para que todos los miembros del hogar puedan explorar, descubrir y compartir la satisfactoria experiencia de m\u00fasica y pel\u00edculas de alta fidelidad en cualquier lugar del hogar.<\/p>\n<p>Allt-i-Ett ofrece un sistema de sonido completo de alto rendimiento para aquellos que no tienen el espacio, el presupuesto o incluso el deseo de componentes separados, as\u00ed como para aquellos que ya disfrutan de un sistema de audio a gran escala pero desean un sonido sin concesiones en otras habitaciones de la casa.<\/p>\n<p>&nbsp;<\/p>\n<p><img decoding=\"async\" class=\"aligncenter\" src=\"https:\/\/www.studio-22.com\/media\/wysiwyg\/productos\/Primare_ALLT-i-ETT_01.jpg\" \/><\/p>\n<p>Equipado con entrada HDMI y salida de subwoofer, Allt-i-Ett ofrece una alternativa a las barras de sonido convencionales, ofreciendo un sonido cinematogr\u00e1fico que llena la habitaci\u00f3n. Para disfrutar de una escucha privada, las salidas para auriculares con cable e inal\u00e1mbricos ofrecen el mismo rendimiento inmersivo sin molestar a los dem\u00e1s.<\/p>\n<p>&nbsp;<\/p>\n<p><img decoding=\"async\" class=\"aligncenter\" src=\"https:\/\/www.studio-22.com\/media\/wysiwyg\/productos\/Primare_ALLT-i-ETT_02.jpg\" \/><\/p>\n<p>El dormitorio suele pasarse por alto cuando se trata de un buen sonido, pero quiz\u00e1s no haya mejor lugar para crear un espacio privado para disfrutar de \u00e1lbumes con gran detalle o evadirse con podcasts mientras navega, se relaja o se recarga energ\u00edas.<\/p>\n<p>&nbsp;<\/p>\n<p><img decoding=\"async\" class=\"aligncenter\" src=\"https:\/\/www.studio-22.com\/media\/wysiwyg\/productos\/Primare_ALLT-i-ETT_03.jpg\" \/><\/p>\n<p>La cocina no es solo un lugar para cocinar; es el coraz\u00f3n del hogar. Con Allt-i-Ett, las listas de reproducci\u00f3n energizantes hacen que la preparaci\u00f3n de comidas sea m\u00e1s divertida y mejoran la experiencia gastron\u00f3mica.<\/p>\n<p><strong>Todo en uno<\/strong><\/p>\n<p>Dise\u00f1ado para adaptarse a cualquier entorno, Allt-i-Ett combina un transmisor de m\u00faltiples fuentes, un amplificador y un sistema de altavoces todo en un gabinete compacto, con entradas y salidas flexibles, m\u00faltiples opciones de transmisi\u00f3n de m\u00fasica de alta resoluci\u00f3n y procesamiento avanzado de se\u00f1ales digitales, para brindar un sonido rico que llena la habitaci\u00f3n a trav\u00e9s de su potente conjunto de altavoces.<\/p>\n<p>&nbsp;<\/p>\n<p><img decoding=\"async\" class=\"aligncenter\" src=\"https:\/\/www.studio-22.com\/media\/wysiwyg\/productos\/Primare_ALLT-i-ETT_04.jpg\" \/><\/p>\n<p><strong>Potente conjunto de altavoces<\/strong><\/p>\n<p>El conjunto de altavoces de seis transductores de baja frecuencia (dos de disparo frontal, dos de disparo trasero y dos de disparo inferior), combinados con dos transductores de rango medio y dos transductores de gu\u00eda de ondas de alta frecuencia, se controlan con un amplificador controlado por DSP de 300 vatios para garantizar una din\u00e1mica prodigiosa y detalles matizados.<\/p>\n<p>&nbsp;<\/p>\n<p><img decoding=\"async\" class=\"aligncenter\" src=\"https:\/\/www.studio-22.com\/media\/wysiwyg\/productos\/Primare_ALLT-i-ETT_05.jpg\" \/><\/p>\n<p><strong>Graves profundos y escucha privada<\/strong><\/p>\n<p>La salida de subwoofer con gesti\u00f3n completa de graves ofrece una profundidad a\u00fan mayor, ampliando el rendimiento de graves para llenar las salas m\u00e1s grandes con un sonido rico y con cuerpo.<br \/>\nLa escucha con auriculares es igual de refinada gracias a la avanzada conexi\u00f3n Bluetooth inal\u00e1mbrica y con cable.<\/p>\n<p>&nbsp;<\/p>\n<p><img decoding=\"async\" class=\"aligncenter\" src=\"https:\/\/www.studio-22.com\/media\/wysiwyg\/productos\/Primare_ALLT-i-ETT_06.jpg\" \/><\/p>\n<p><strong>Procesador digital de se\u00f1ales (DSP)<\/strong><\/p>\n<p>El Procesamiento Digital de Se\u00f1al (DSP) est\u00e1 totalmente integrado para aprovechar al m\u00e1ximo el potente conjunto de altavoces, adaptando el sonido a la sala y a las preferencias del oyente.<br \/>\nLa configuraci\u00f3n de ubicaci\u00f3n optimiza la salida para obtener el mejor sonido en cualquier lugar de la sala, ya sea que el Allt-i-Ett est\u00e9 colocado de forma independiente, en la pared o en una esquina. El ecualizador gr\u00e1fico de 11 bandas permite ajustar manualmente las frecuencias clave de cualquier fuente para todos los gustos.<\/p>\n<p>&nbsp;<\/p>\n<p><img decoding=\"async\" class=\"aligncenter\" src=\"https:\/\/www.studio-22.com\/media\/wysiwyg\/productos\/Primare_ALLT-i-ETT_07.jpg\" \/><\/p>\n<p><strong>DSP inteligente<\/strong><\/p>\n<p>Auto Room EQ est\u00e1 integrado en la aplicaci\u00f3n Prisma para una calibraci\u00f3n autom\u00e1tica de la sala r\u00e1pida y efectiva con cualquier dispositivo iOS o con dispositivos Android se requiere el uso de un micr\u00f3fono Zen, que tambi\u00e9n se puede usar con dispositivos iOS para obtener mejores resultados de ecualizaci\u00f3n.<\/p>\n<p>La configuraci\u00f3n de audio espacial 3D de BACCH crea una experiencia de sonido 3D envolvente mediante una cancelaci\u00f3n avanzada de diafon\u00eda para eliminar distorsiones y revelar se\u00f1ales espaciales naturales en las grabaciones.<\/p>\n<p><strong>Control c\u00f3modo<\/strong><\/p>\n<p>Allt-i-Ett ofrece control y conexi\u00f3n sin esfuerzo. Una pantalla t\u00e1ctil fija, motorizada y un amplio control de volumen facilitan el acceso y la supervisi\u00f3n de todas las opciones de entretenimiento directamente desde Allt-i-Ett. Como alternativa, el control remoto y la aplicaci\u00f3n PRISMA permiten una configuraci\u00f3n y un control completos a distancia.<\/p>\n<p>&nbsp;<\/p>\n<p><img decoding=\"async\" class=\"aligncenter\" src=\"https:\/\/www.studio-22.com\/media\/wysiwyg\/productos\/Primare_ALLT-i-ETT_08.jpg\" \/><\/p>\n<p><strong>Funciones de conexi\u00f3n<\/strong><\/p>\n<p>Conectado f\u00e1cilmente a tu red dom\u00e9stica, Alli-i-Ett integra a la perfecci\u00f3n streaming moderno y fuentes tradicionales, unificando toda tu m\u00fasica y contenido multimedia.<br \/>\nLas funciones de conexi\u00f3n ofrecen una experiencia de usuario inigualable desde aplicaciones nativas, ya sea con Spotify Connect, la plataforma de streaming de audio m\u00e1s grande del mundo, o con Qobuz Connect y TIDAL Connect, para disfrutar de la transmisi\u00f3n con la mayor resoluci\u00f3n disponible.<\/p>\n<p>&nbsp;<\/p>\n<p><img decoding=\"async\" class=\"aligncenter\" src=\"https:\/\/www.studio-22.com\/media\/wysiwyg\/productos\/Primare_ALLT-i-ETT_09.jpg\" \/><\/p>\n<p><strong>Entradas inal\u00e1mbricas<\/strong><\/p>\n<p>Bluetooth ofrece mayor flexibilidad, con radio FM y DAB+ incorporada que coloca las estaciones favoritas en uno de los botones preestablecidos f\u00e1cilmente programables en la pantalla t\u00e1ctil.<\/p>\n<p>&nbsp;<\/p>\n<p><img decoding=\"async\" class=\"aligncenter\" src=\"https:\/\/www.studio-22.com\/media\/wysiwyg\/productos\/Primare_ALLT-i-ETT_10.jpg\" \/><\/p>\n<p><strong>Entradas cableadas<\/strong><\/p>\n<p>Conexi\u00f3n de un solo cable HDMI con eARC para audio de TV con la m\u00e1s alta fidelidad.<\/p>\n<p>Entradas digitales \u00f3pticas y coaxiales para una conexi\u00f3n limpia y precisa de fuentes digitales, como transportes de CD y consolas de juegos.<\/p>\n<p>Entrada USB-A para conectar y reproducir desde dispositivos de almacenamiento port\u00e1tiles y bibliotecas de m\u00fasica.<\/p>\n<p>Entrada de phono est\u00e9reo RCA \/ MM o fuentes anal\u00f3gicas o tocadiscos.<\/p>\n<table class=\"especificaciones\">\n<tbody>\n<tr>\n<td class=\"espazul\">TRANSDUCTORES<\/td>\n<td class=\"espblanco\">2 x tweeters waveguide<br \/>\n2 x midwoofers<br \/>\n6 x woofers<\/td>\n<\/tr>\n<tr>\n<td class=\"espazul\">STREAMING<\/td>\n<td class=\"espblanco\">Primare Audio app, AirPlay 2, Chromecast, Qobuz Connect, Spotify Connect, Tidal Connect<\/td>\n<\/tr>\n<tr>\n<td class=\"espazul\">BLUETOOTH<\/td>\n<td class=\"espblanco\">Bluetooth (SBC, AAC, aptX, aptX-HD)<\/td>\n<\/tr>\n<tr>\n<td class=\"espazul\">ENTRADAS DIGITALES<\/td>\n<td class=\"espblanco\">1 x HDMI eARC<br \/>\n2 x entradas digitales \u00f3pticas<br \/>\n1 x entrada digital coaxial<br \/>\n1 x puerto USB<\/td>\n<\/tr>\n<tr>\n<td class=\"espazul\">ENTRADAS ANAL\u00d3GICAS<\/td>\n<td class=\"espblanco\">1 x entrada previo phono (MM)<\/td>\n<\/tr>\n<tr>\n<td class=\"espazul\">SALIDAS<\/td>\n<td class=\"espblanco\">1 x salida previo (sub)<\/td>\n<\/tr>\n<tr>\n<td class=\"espazul\">SALIDA DE AURICULARES<\/td>\n<td class=\"espblanco\">1 x minijack 3.5 mm<\/td>\n<\/tr>\n<tr>\n<td class=\"espazul\">APLICACI\u00d3N<\/td>\n<td class=\"espblanco\">app control, dual touchscreen, room calibration, BACCH 3D Sound<\/td>\n<\/tr>\n<tr>\n<td class=\"espazul\">DIMENSIONES<\/td>\n<td class=\"espblanco\">690 mm x 303 mm x 150 mm<\/td>\n<\/tr>\n<tr>\n<td class=\"espazul\">PESO<\/td>\n<td class=\"espblanco\">16 kg<\/td>\n<\/tr>\n<\/tbody>\n<\/table>\n","protected":false},"excerpt":{"rendered":"<p>Altavoz con streamer integrado. DLNA, radio por Internet, Tidal, Spotify Connect, Wi-Fi, USB y HDMI. Control desde app. 450 W<\/p>\n","protected":false},"featured_media":5327,"comment_status":"closed","ping_status":"closed","template":"","meta":{"_et_pb_use_builder":"","_et_pb_old_content":"","_et_gb_content_width":""},"pwb-brand":[198],"product_brand":[],"product_cat":[190],"product_tag":[],"class_list":{"0":"post-5304","1":"product","2":"type-product","3":"status-publish","4":"has-post-thumbnail","6":"pwb-brand-primare","7":"product_cat-sistemas-todo-en-uno","9":"first","10":"instock","11":"taxable","12":"shipping-taxable","13":"purchasable","14":"product-type-simple"},"brands":[{"id":198,"name":"Primare","slug":"primare"}],"_links":{"self":[{"href":"https:\/\/www.bastore.es\/en\/wp-json\/wp\/v2\/product\/5304","targetHints":{"allow":["GET"]}}],"collection":[{"href":"https:\/\/www.bastore.es\/en\/wp-json\/wp\/v2\/product"}],"about":[{"href":"https:\/\/www.bastore.es\/en\/wp-json\/wp\/v2\/types\/product"}],"replies":[{"embeddable":true,"href":"https:\/\/www.bastore.es\/en\/wp-json\/wp\/v2\/comments?post=5304"}],"wp:featuredmedia":[{"embeddable":true,"href":"https:\/\/www.bastore.es\/en\/wp-json\/wp\/v2\/media\/5327"}],"wp:attachment":[{"href":"https:\/\/www.bastore.es\/en\/wp-json\/wp\/v2\/media?parent=5304"}],"wp:term":[{"taxonomy":"pwb-brand","embeddable":true,"href":"https:\/\/www.bastore.es\/en\/wp-json\/wp\/v2\/pwb-brand?post=5304"},{"taxonomy":"product_brand","embeddable":true,"href":"https:\/\/www.bastore.es\/en\/wp-json\/wp\/v2\/product_brand?post=5304"},{"taxonomy":"product_cat","embeddable":true,"href":"https:\/\/www.bastore.es\/en\/wp-json\/wp\/v2\/product_cat?post=5304"},{"taxonomy":"product_tag","embeddable":true,"href":"https:\/\/www.bastore.es\/en\/wp-json\/wp\/v2\/product_tag?post=5304"}],"curies":[{"name":"wp","href":"https:\/\/api.w.org\/{rel}","templated":true}]}}