{"id":5233,"date":"2026-04-02T16:27:26","date_gmt":"2026-04-02T14:27:26","guid":{"rendered":"https:\/\/www.bastore.es\/?post_type=product&#038;p=5233"},"modified":"2026-04-02T16:27:26","modified_gmt":"2026-04-02T14:27:26","slug":"pre35-dac-dm36","status":"publish","type":"product","link":"https:\/\/www.bastore.es\/en\/producto\/pre35-dac-dm36\/","title":{"rendered":"PRE35 DAC DM36"},"content":{"rendered":"<p><strong>PRE35 DAC DM36 \u2013 preamplificador modular y convertidor digital a anal\u00f3gico<\/strong><\/p>\n<p>El PRE35 DAC combina la NUEVA etapa de conversi\u00f3n digital a anal\u00f3gica DM35 con el preamplificador est\u00e9reo balanceado PRE35, presentando un circuito de preamplificaci\u00f3n anal\u00f3gica totalmente balanceado y una construcci\u00f3n modular que permite la instalaci\u00f3n del m\u00f3dulo de reproductor de red SM35 Prisma en cualquier momento.<\/p>\n<p><strong>Tecnolog\u00eda<\/strong><\/p>\n<p>El preamplificador modular PRE35 DAC DM36 es un excepcional centro de control del sistema, que proporciona una selecci\u00f3n y transmisi\u00f3n sin distorsiones y con un nivel de ruido sin precedentes de cualquier entrada anal\u00f3gica, como resultado de un dise\u00f1o de circuito totalmente balanceado cuidadosamente elaborado que se beneficia del uso de una placa principal de cuatro capas para lograr la ruta de se\u00f1al m\u00e1s corta posible.<\/p>\n<p>Adem\u00e1s de las completas opciones de entrada y salida, con conexi\u00f3n tanto XLR como RCA, el DAC PRE35 incluye la etapa DAC DM36 con todas las funciones que permite la conversi\u00f3n de hasta PCM 384 kHz\/32 bits y DSD 256, y debido a su dise\u00f1o modular tambi\u00e9n permite que el m\u00f3dulo de reproductor de red Prisma, SM35, se agregue al amplificador en cualquier momento para una personalizaci\u00f3n del sistema sin precedentes.<\/p>\n<p>&nbsp;<\/p>\n<p><img decoding=\"async\" class=\"aligncenter\" src=\"https:\/\/www.studio-22.com\/media\/wysiwyg\/productos\/Primare_PRE35_01.jpg\" \/><\/p>\n<p>Adem\u00e1s, el m\u00f3dulo DAC DM36 incluye procesamiento MQA completo. MQA (Master Quality Authenticated) es una galardonada tecnolog\u00eda brit\u00e1nica que reproduce el sonido de la grabaci\u00f3n m\u00e1ster original. El archivo MQA maestro est\u00e1 completamente autenticado y es lo suficientemente peque\u00f1o como para reproducirlo en streaming o descargarlo. Visite mqa.co.uk para m\u00e1s informaci\u00f3n.<\/p>\n<p>Con el m\u00f3dulo DM36 instalado, PRE35 Prisma incluye conectividad de altavoz inal\u00e1mbrico de alta resoluci\u00f3n WiSA con altavoces activos de alto rendimiento habilitados para WiSA, y es una caracter\u00edstica exclusiva de este preamplificador de alto rendimiento.<\/p>\n<p><strong>La apariencia y la sensaci\u00f3n de Escandinavia<\/strong><\/p>\n<p>Creemos que cada aspecto de nuestros productos, desde su dise\u00f1o hasta la comodidad de los controles, contribuye a la experiencia general de vivir con Primare. Como resultado, los productos Primare irradian el sello distintivo del dise\u00f1o escandinavo: dise\u00f1os sencillos y elegantes, con una funcionalidad accesible y f\u00e1cil de entender.<br \/>\nUn ejemplo de ello es nuestro exclusivo mando de control, reconocido en toda la industria tanto por su aspecto como por su tacto al seleccionar una entrada o ajustar el volumen. O, como decimos lagom, ni demasiado ni demasiado poco, todo en equilibrio, proporci\u00f3n y armon\u00eda.<\/p>\n<p><strong>Dise\u00f1o modular y construcci\u00f3n de sistemas<\/strong><\/p>\n<p>Creemos que es esencial ofrecer modularidad siempre que sea posible para contar con las caracter\u00edsticas adecuadas, tanto ahora como en el futuro. El dise\u00f1o modular se caracteriza por los amplificadores integrados modulares I25 e I35, as\u00ed como por el preamplificador modular PRE35, todos ellos actualizables con m\u00f3dulos DAC y Prisma, y \u200b\u200bel reproductor de CD CD35, al que se le puede a\u00f1adir el m\u00f3dulo Prisma, ya sea al momento de la compra o posteriormente. Como resultado, podemos ofrecer una cuidada selecci\u00f3n de modelos y configuraciones para permitir la selecci\u00f3n del dispositivo que mejor se adapte a las necesidades de cualquier sistema. Por ejemplo, un CD35 con m\u00f3dulo Prisma instalado puede emparejarse con un amplificador integrado I35, lo que permite separar las etapas anal\u00f3gica y digital. O bien, un I35 con m\u00f3dulos DAC y Prisma instalados puede emparejarse con un transporte de CD DD35, lo que permite la reproducci\u00f3n multisala y multizona de cada entrada, ya sea anal\u00f3gica o digital.<\/p>\n<p>&nbsp;<\/p>\n<p><img decoding=\"async\" class=\"aligncenter\" src=\"https:\/\/www.studio-22.com\/media\/wysiwyg\/productos\/Primare_PRE35_02.jpg\" \/><\/p>\n<p>&nbsp;<\/p>\n<table class=\"especificaciones\">\n<tbody>\n<tr>\n<td class=\"espazul\">ENTRADAS ANAL\u00d3GICAS<\/td>\n<td class=\"espblanco\">3 x par RCA (single ended)<br \/>\n2 x par XLR (balanceadas)<\/td>\n<\/tr>\n<tr>\n<td class=\"espazul\">SALIDAS ANAL\u00d3GICAS<\/td>\n<td class=\"espblanco\">1 x par RCA (Salida de l\u00ednea)<br \/>\n1 x par RCA (Previo)<br \/>\n2 x par XLR (Previo)<\/td>\n<\/tr>\n<tr>\n<td class=\"espazul\">ENTRADAS DIGITALES<\/td>\n<td class=\"espblanco\">4 x entradas digitales Toslink<br \/>\n2 x entradas digitales RCA<br \/>\n1 x puerto USB tipo B<\/td>\n<\/tr>\n<tr>\n<td class=\"espazul\">SALIDAS DIGITALES<\/td>\n<td class=\"espblanco\">1 x salida digital coaxial<\/td>\n<\/tr>\n<tr>\n<td class=\"espazul\">CONTROL REMOTO<\/td>\n<td class=\"espblanco\">Control remoto C25 sistema IR<\/td>\n<\/tr>\n<tr>\n<td class=\"espazul\">ENTRADA AUXILIAR IR<\/td>\n<td class=\"espblanco\">1 x minijack 3.5 mm (Entrada\/salida)<\/td>\n<\/tr>\n<tr>\n<td class=\"espazul\">TRIGGER<\/td>\n<td class=\"espblanco\">1 x minijack 3.5 mm (Trigger de 12V)<\/td>\n<\/tr>\n<tr>\n<td class=\"espazul\">PUERTO DE CONTROL<\/td>\n<td class=\"espblanco\">RS232<\/td>\n<\/tr>\n<tr>\n<td class=\"espazul\">DAC<\/td>\n<td class=\"espblanco\">ESS ES9068A<\/td>\n<\/tr>\n<tr>\n<td class=\"espazul\">MQA<\/td>\n<td class=\"espblanco\">S\u00ed<\/td>\n<\/tr>\n<tr>\n<td class=\"espazul\">DIMENSIONES<\/td>\n<td class=\"espblanco\">430 mm (Ancho) x 106 mm (Alto) x 420 mm (Fondo)<\/td>\n<\/tr>\n<tr>\n<td class=\"espazul\">PESO<\/td>\n<td class=\"espblanco\">11,3 kg<\/td>\n<\/tr>\n<\/tbody>\n<\/table>\n","protected":false},"excerpt":{"rendered":"<p>Preamplificador de l\u00ednea<\/p>\n","protected":false},"featured_media":5219,"comment_status":"closed","ping_status":"closed","template":"","meta":{"_et_pb_use_builder":"","_et_pb_old_content":"","_et_gb_content_width":""},"pwb-brand":[198],"product_brand":[],"product_cat":[36],"product_tag":[],"class_list":{"0":"post-5233","1":"product","2":"type-product","3":"status-publish","4":"has-post-thumbnail","6":"pwb-brand-primare","7":"product_cat-preamplificadores","9":"first","10":"instock","11":"taxable","12":"shipping-taxable","13":"purchasable","14":"product-type-variable"},"brands":[{"id":198,"name":"Primare","slug":"primare"}],"_links":{"self":[{"href":"https:\/\/www.bastore.es\/en\/wp-json\/wp\/v2\/product\/5233","targetHints":{"allow":["GET"]}}],"collection":[{"href":"https:\/\/www.bastore.es\/en\/wp-json\/wp\/v2\/product"}],"about":[{"href":"https:\/\/www.bastore.es\/en\/wp-json\/wp\/v2\/types\/product"}],"replies":[{"embeddable":true,"href":"https:\/\/www.bastore.es\/en\/wp-json\/wp\/v2\/comments?post=5233"}],"wp:featuredmedia":[{"embeddable":true,"href":"https:\/\/www.bastore.es\/en\/wp-json\/wp\/v2\/media\/5219"}],"wp:attachment":[{"href":"https:\/\/www.bastore.es\/en\/wp-json\/wp\/v2\/media?parent=5233"}],"wp:term":[{"taxonomy":"pwb-brand","embeddable":true,"href":"https:\/\/www.bastore.es\/en\/wp-json\/wp\/v2\/pwb-brand?post=5233"},{"taxonomy":"product_brand","embeddable":true,"href":"https:\/\/www.bastore.es\/en\/wp-json\/wp\/v2\/product_brand?post=5233"},{"taxonomy":"product_cat","embeddable":true,"href":"https:\/\/www.bastore.es\/en\/wp-json\/wp\/v2\/product_cat?post=5233"},{"taxonomy":"product_tag","embeddable":true,"href":"https:\/\/www.bastore.es\/en\/wp-json\/wp\/v2\/product_tag?post=5233"}],"curies":[{"name":"wp","href":"https:\/\/api.w.org\/{rel}","templated":true}]}}