{"id":5117,"date":"2026-04-02T15:37:52","date_gmt":"2026-04-02T13:37:52","guid":{"rendered":"https:\/\/www.bastore.es\/?post_type=product&#038;p=5117"},"modified":"2026-04-02T15:37:52","modified_gmt":"2026-04-02T13:37:52","slug":"primare-spa25-prisma-primare-a35-2","status":"publish","type":"product","link":"https:\/\/www.bastore.es\/en\/producto\/primare-spa25-prisma-primare-a35-2\/","title":{"rendered":"Primare SPA25 Prisma + Primare A35.2"},"content":{"rendered":"<h2><strong>Primare SPA25 Prisma<\/strong><\/h2>\n<p><strong>Amplificador integrado de cine en casa Prisma SPA25<\/strong><\/p>\n<p>El SPA25 Prisma es un galardonado amplificador y procesador integrado multicanal, dise\u00f1ado tanto para cin\u00e9filos como para audi\u00f3filos, con caracter\u00edsticas y funcionalidades cuidadosamente dise\u00f1adas para ofrecer la mejor experiencia de cine en casa al mayor n\u00famero de personas.<\/p>\n<p><strong>Caracter\u00edsticas principales<\/strong><\/p>\n<ul>\n<li>Dolby Atmos, DTS X y procesamiento de audio inmersivo derivado<\/li>\n<li>9 canales de amplificaci\u00f3n con una potencia de salida total m\u00e1xima de 810 vatios<\/li>\n<li>Sistema de conexi\u00f3n HDMI de audio y video de alta resoluci\u00f3n avanzado eARC para una mejor interacci\u00f3n y rendimiento del sistema<\/li>\n<li>La tecnolog\u00eda de correcci\u00f3n de sala en vivo de Dirac garantiza el mejor rendimiento de audio posible con cualquier sistema en cualquier sala<\/li>\n<li>Reproductor de red Prisma para transmitir cientos de servicios de m\u00fasica, incluidas plataformas de alta resoluci\u00f3n como Qobuz, Spotify y Tidal HiFi<\/li>\n<li>Software avanzado de gesti\u00f3n de medios Roon Ready<\/li>\n<\/ul>\n<p>&nbsp;<\/p>\n<p><img decoding=\"async\" src=\"https:\/\/www.studio-22.com\/media\/wysiwyg\/productos\/Primare_SPA25_Prisma_01.jpg\" \/><\/p>\n<p><strong>Configuraci\u00f3n del sistema<\/strong><\/p>\n<p>El SPA25 Prisma ofrece 11 canales de procesamiento de audio inmersivo Atmos y DTS X, con ajustes preestablecidos personalizables y asignaci\u00f3n de canales de amplificador asignables y salidas anal\u00f3gicas frontales izquierda\/derecha que permiten:<\/p>\n<ul>\n<li>Configuraciones 5.1.4 y 7.1.2<\/li>\n<li>Configuraciones 5.1, 7.1 y 5.1.2 con canales frontales izquierdo y derecho biamplificados con altavoces que permiten el bicableado<\/li>\n<li>Configuraci\u00f3n 7.1.4 con adici\u00f3n de un amplificador est\u00e9reo para altavoces frontales<\/li>\n<\/ul>\n<p>La sofisticada fuente de alimentaci\u00f3n adaptable proporciona una potencia de salida m\u00e1xima por canal de 145\/250 vatios a 8\/4 ohmios y 290\/450 vatios a 8\/4 ohmios en cada altavoz biamplificado, lo que convierte al SPA25 Prisma en el amplificador integrado m\u00e1s potente que Primare haya producido jam\u00e1s.<\/p>\n<p>Adem\u00e1s, est\u00e1n disponibles salidas RCA de los canales frontal izquierdo, frontal derecho y central para agregar amplificadores de potencia externos para esos canales.<\/p>\n<p>Diecisiete ajustes preestablecidos de entrada personalizables permiten pr\u00e1cticamente cualquier combinaci\u00f3n de configuraciones de entrada digital y anal\u00f3gica, con cinco ajustes preestablecidos de configuraci\u00f3n de altavoces personalizables que permiten una variedad de configuraciones de altavoces y DSP.<\/p>\n<p>&nbsp;<\/p>\n<p><img decoding=\"async\" src=\"https:\/\/www.studio-22.com\/media\/wysiwyg\/productos\/Primare_SPA25_Prisma_02.jpg\" \/><\/p>\n<p><strong>SPA25, AHORA CON DIRAC LIVE<\/strong><\/p>\n<p>La interacci\u00f3n entre su sistema Primare y la distribuci\u00f3n de su sala tiene un gran impacto en la calidad del sonido. Con Dirac Live\u00ae Room Correction, puede aplicar algoritmos patentados de \u00faltima generaci\u00f3n para analizar y reducir digitalmente el impacto ambiental y mejorar el rendimiento de los altavoces de su sistema Primare, que adem\u00e1s ofrece ajuste manual para satisfacer sus necesidades individuales.<\/p>\n<p>La suscripci\u00f3n de ancho de banda limitado est\u00e1 incluida como est\u00e1ndar, y la suscripci\u00f3n de ancho de banda completo puede solicitarse directamente desde el sitio web de Dirac.<\/p>\n<p><strong>Control remoto PRISMA<\/strong><\/p>\n<p>SPA25 Prisma ser\u00e1 el primer modelo que incluir\u00e1 el nuevo control remoto del sistema PRISMA, que proporciona control IR para todos los modelos Primare anteriores y presentes:<\/p>\n<ul>\n<li>Control b\u00e1sico de TV<\/li>\n<li>Soporte de actualizaci\u00f3n OTA<\/li>\n<li>Retroiluminado<\/li>\n<\/ul>\n<p>&nbsp;<\/p>\n<p><img decoding=\"async\" src=\"https:\/\/www.studio-22.com\/media\/wysiwyg\/productos\/Primare_SPA25_Prisma_03.jpg\" \/><\/p>\n<p><strong>Nuestra filosof\u00eda de dise\u00f1o<\/strong><\/p>\n<p>Los productos Primare est\u00e1n inspirados en nuestro enfoque de dise\u00f1o pr\u00e1ctico, encarnado en el ideal de dise\u00f1o escandinavo de lagom: esa sensaci\u00f3n de no demasiado ni muy poco, sino lo justo; todo en equilibrio, proporci\u00f3n y armon\u00eda.<\/p>\n<p><strong>Lo que nos gu\u00eda<\/strong><\/p>\n<p>Primare es una empresa escandinava, y muchas de las caracter\u00edsticas distintivas de la marca tienen sus ra\u00edces en la cultura escandinava: en una forma particular de vivir y de experimentar la m\u00fasica y el cine. Una parte inherente del panorama cultural escandinavo es la idea de que en todo debe existir un sentido de proporci\u00f3n y equilibrio, de que todos los elementos funcionen en armon\u00eda.<\/p>\n<p><strong>Lagom<\/strong><\/p>\n<p>Lagom (\u00ablaah-goam\u00bb) es la palabra sueca para esto: significa, m\u00e1s o menos, \u00abla cantidad justa\u00bb. Ni demasiado. Ni demasiado poco. Todo en perfecto equilibrio, armon\u00eda y proporci\u00f3n. Nuestra definici\u00f3n de lagom implica que ning\u00fan aspecto de un producto Primare, ni en apariencia ni en rendimiento, debe llamar la atenci\u00f3n; que la m\u00fasica debe ser la experiencia principal y que la percepci\u00f3n de la tecnolog\u00eda en funcionamiento debe desaparecer.<\/p>\n<p>Durante treinta a\u00f1os, Primare ha encarnado este enfoque de dise\u00f1o hol\u00edstico. Cada producto es una combinaci\u00f3n armoniosa de tecnolog\u00eda y funcionalidad, y sus componentes se han desarrollado para ofrecer una pureza de audio impecable y facilidad de uso. Las numerosas innovaciones de dise\u00f1o y producci\u00f3n que permiten a un componente Primare ofrecer un rendimiento excepcionalmente armonioso y equilibrado son ilustrativas, pero su capacidad para emocionar y satisfacer es inconmensurable. Esa sensaci\u00f3n es inconmensurable. En definitiva, y fiel a esta idea de lagom, la experiencia Primare simplemente se siente perfecta.<\/p>\n<p>Lagom: cuando todo simplemente se siente bien. Lo sabr\u00e1s cuando veas y escuches a Primare.<\/p>\n<p><strong>Hygge<\/strong><\/p>\n<p>Hygge (\u00abheu-gah\u00bb) es una palabra danesa que a menudo se traduce como \u00abacogedor\u00bb. Pero la palabra hygge significa mucho m\u00e1s y puede considerarse la m\u00e1xima expresi\u00f3n de la vida: esa profunda satisfacci\u00f3n del tiempo bien empleado, de compartir comida, bebida, m\u00fasica y pel\u00edculas con familiares y amigos en la sencilla celebraci\u00f3n de la vida cotidiana.<\/p>\n<p>El hygge parece ser una respuesta directa al mundo natural escandinavo, duro e implacable, pero a la vez espectacular e inspirador, donde se siente una profunda y duradera conexi\u00f3n con la tierra y, en particular, con su paisaje y clima \u00fanicos. All\u00ed, el largo y oscuro invierno no es necesariamente algo para soportar, sino para disfrutar, en parte porque permite los momentos m\u00e1s intensos de hygge.<\/p>\n<p>El hygge casi siempre implica estar cerca del fuego o una vela para brindar una sensaci\u00f3n de calidez y bienestar. Por extensi\u00f3n, los componentes de Primare est\u00e1n dise\u00f1ados con el hygge en mente, en cierto modo para asumir el papel de esta llama.<\/p>\n<p>El objetivo de Primare es ofrecer un espect\u00e1culo que permita una experiencia compartida de m\u00fasica y cine profundamente satisfactoria, para intensificar el hygge.<\/p>\n<p><strong>Enfoque de dise\u00f1o pr\u00e1ctico<\/strong><\/p>\n<p>Primare aplica un enfoque de dise\u00f1o pr\u00e1ctico . El desarrollo de productos se basa en principios fundamentales s\u00f3lidos, con dise\u00f1os de fuentes de alimentaci\u00f3n meticulosamente implementados y rutas de se\u00f1al ultracortas ingeniosamente dise\u00f1adas, de modo que cada componente y subcircuito funcione de forma armoniosa para lograr un conjunto cohesivo.<\/p>\n<p>Primare explora constantemente el horizonte en busca de nuevos desarrollos y suele estar a la vanguardia de las nuevas tecnolog\u00edas, habiendo sido de los primeros en adoptar tecnolog\u00edas de streaming y almacenamiento digital, as\u00ed como la amplificaci\u00f3n de clase D para un rendimiento verdaderamente de alta gama. Sin embargo, las decisiones de desarrollo de productos nunca se toman con fines comerciales, sino para llamar la atenci\u00f3n. M\u00e1s bien, una nueva caracter\u00edstica o componente se implementa solo si se logra una mejora significativa del rendimiento.<\/p>\n<p>Por este motivo, Primare prefiere perfeccionar en lugar de ser pionero; producir solo productos que mejoren significativamente lo que estaba disponible anteriormente, con una feroz dedicaci\u00f3n a utilizar cualquier tecnolog\u00eda que pueda brindar la mejor experiencia y con la firme convicci\u00f3n de construir productos que tengan el valor de uso a largo plazo m\u00e1s amplio posible.<\/p>\n<p><strong>Amplificador integrado de cine en casa Prisma SPA25<\/strong><\/p>\n<p>El SPA25 Prisma es un amplificador y procesador integrado multicanal dise\u00f1ado tanto para cin\u00e9filos como para audi\u00f3filos, compuesto por caracter\u00edsticas y funcionalidades cuidadosamente consideradas y dise\u00f1adas para brindar la mejor experiencia de cine en casa para la mayor cantidad de personas.<\/p>\n<p>Para el cin\u00e9filo, el SPA25 Prisma incluye nueve canales de amplificaci\u00f3n, con una potencia de salida total m\u00e1xima de 900 vatios, conmutaci\u00f3n HDR din\u00e1mica 4K, eARC, Dirac Live y procesamiento Atmos\/DTS X de once canales que, con la adici\u00f3n de un amplificador est\u00e9reo, permite configuraciones de cine 7.1.4.<\/p>\n<p>&nbsp;<\/p>\n<p><img decoding=\"async\" src=\"https:\/\/www.studio-22.com\/media\/wysiwyg\/productos\/Primare_SPA25_Prisma_04.jpg\" \/><\/p>\n<p>Para el audi\u00f3filo, el SPA25 Prisma utiliza chips DAC duales de ocho canales que permiten un circuito de conversi\u00f3n digital a anal\u00f3gico \u00fanico que asigna cuatro canales de conversi\u00f3n a la salida de los canales frontales izquierdo y derecho para un rendimiento est\u00e9reo mejorado. Esto, combinado con la fuente de alimentaci\u00f3n adaptativa, que proporciona una potencia de 145 vatios a 8 ohmios y 250 vatios a 4 ohmios en modo est\u00e9reo, as\u00ed como la capacidad de biamplificar los canales principales izquierdo y derecho, suministrando 290 vatios a 8 ohmios y 405 vatios a 4 ohmios por canal, convierte al SPA25 Prisma en el amplificador integrado est\u00e9reo m\u00e1s potente que Primare ha fabricado.<\/p>\n<p>&nbsp;<\/p>\n<p><img decoding=\"async\" src=\"https:\/\/www.studio-22.com\/media\/wysiwyg\/productos\/Primare_SPA25_Prisma_05.jpg\" \/><\/p>\n<p>La probada plataforma de reproductores en red Prisma de Primare ofrece funciones completas de streaming, adem\u00e1s de opciones multisala\/multizona, con AirPlay2, Bluetooth, Chromecast, Roon y Spotify Connect (compatible con HiFi). La aplicaci\u00f3n Prisma, combinada con el men\u00fa de configuraci\u00f3n en pantalla, permite personalizar f\u00e1cilmente el sistema desde la posici\u00f3n de escucha. Adem\u00e1s, Prisma ofrece un control completo de los discos duros conectados a la red, as\u00ed como los servicios integrados Prisma Radio, Tidal HiFi y Qobuz para un acceso simplificado a las fuentes de m\u00fasica m\u00e1s utilizadas.<\/p>\n<p>&nbsp;<\/p>\n<p><img decoding=\"async\" src=\"https:\/\/www.studio-22.com\/media\/wysiwyg\/productos\/Primare_SPA25_Prisma_06.jpg\" \/><\/p>\n<p>Tanto para cin\u00e9filos como para audi\u00f3filos, Dirac Live\u00ae Room Correction utiliza algoritmos patentados de \u00faltima generaci\u00f3n para analizar y reducir digitalmente el impacto de la sala, mejorando as\u00ed el rendimiento de cualquier sistema de audio. Dirac optimiza el sonido no solo en frecuencia, sino tambi\u00e9n en fase, proporcionando una respuesta de frecuencia lineal y un tiempo de llegada preciso para escuchas bicanal y multicanal con un detalle y una claridad sin precedentes.<\/p>\n<p>Se ofrece control y conectividad individualizados mediante diecisiete ajustes preestablecidos de entrada personalizables para pr\u00e1cticamente cualquier combinaci\u00f3n de configuraciones de entrada de audio y video digitales y anal\u00f3gicas, combinados con cinco ajustes preestablecidos de configuraci\u00f3n de altavoces personalizables para una variedad de configuraciones de altavoces y DSP para adaptarse a cualquier requisito de visualizaci\u00f3n y escucha.<\/p>\n<p><strong>La apariencia y la sensaci\u00f3n de Escandinavia<\/strong><\/p>\n<p>Creemos que cada aspecto de nuestros productos, desde su dise\u00f1o hasta la comodidad de los controles, contribuye a la experiencia general de vivir con Primare. Como resultado, los productos Primare irradian el sello distintivo del dise\u00f1o escandinavo: dise\u00f1os sencillos y elegantes, con una funcionalidad accesible y f\u00e1cil de entender. Un ejemplo de ello es la idea de ser discretos, de no llamar la atenci\u00f3n, inherente al dise\u00f1o compacto del SPA25 Prisma y a la eliminaci\u00f3n de la pantalla y los controles frontales innecesarios.<\/p>\n<h2><strong>Primare A35.2<\/strong><\/h2>\n<p><strong>Primare A35.2: Etapa de potencia<\/strong><\/p>\n<p>A35.2 es una potente etapa de potencia est\u00e9reo de entrada balanceada que utiliza nuestra tecnolog\u00eda de amplificaci\u00f3n UFPD 2 para ofrecer 200 vatios de potencia por canal en est\u00e9reo y 800 vatios de potencia en modo mono puente.<\/p>\n<p><strong>Tecnolog\u00eda<\/strong><\/p>\n<p>La A35.2 es la etapa de potencia m\u00e1s potente que hemos dise\u00f1ado utilizando nuestra nueva tecnolog\u00eda patentada de amplificaci\u00f3n anal\u00f3gica de clase D UFPD 2.<\/p>\n<p>De hecho, se dise\u00f1\u00f3 un m\u00f3dulo de potencia UFPD 2 completamente nuevo para brindar la potencia y el rendimiento que consideramos necesarios para un amplificador est\u00e9reo de tal magnitud.<\/p>\n<p>Como resultado, se dise\u00f1\u00f3 una fuente de alimentaci\u00f3n completamente nueva, con transformadores bobinados personalizados, para suministrar la inmensa potencia el\u00e9ctrica necesaria para que el m\u00f3dulo amplificador produzca la inmensa cantidad de potencia musical de la que es capaz.<\/p>\n<p>&nbsp;<\/p>\n<p><img decoding=\"async\" src=\"https:\/\/www.studio-22.com\/media\/wysiwyg\/productos\/Primare_A35_2_Power_Amplifier_01.jpg\" \/><\/p>\n<p>Con ese circuito esencial en su lugar, la A35.2 es capaz de proporcionar una salida de alta potencia inmediata y sostenida con muy baja distorsi\u00f3n, tiempo de subida instant\u00e1neo y amplificaci\u00f3n absolutamente lineal en todo el ancho de banda, lo que da como resultado un sonido naturalmente r\u00e1pido, limpio y \u00e1gil en un rango de frecuencia ultra amplio y con un margen excepcional.<\/p>\n<p>La etapa de potencia A35.2 cuenta con entradas balanceadas y 200 vatios de potencia de salida a 8 ohmios, con la posibilidad de puentearlo a mono para obtener 800 vatios de potencia de salida a 8 ohmios. Con este nivel de potencia de salida realmente impresionante, la etapa de potencia A35.2 es capaz de alimentar incluso los altavoces est\u00e9reo m\u00e1s exigentes, o de formar un potente sistema multicanal.<\/p>\n<p><strong>La apariencia y la sensaci\u00f3n de Escandinavia<\/strong><\/p>\n<p>Creemos que cada aspecto de nuestros productos (su dise\u00f1o, la agradable sensaci\u00f3n de los controles) contribuye a la experiencia general de vivir con Primare. Como resultado, los productos Primare irradian el sello distintivo del dise\u00f1o escandinavo: dise\u00f1os sencillos y elegantes, con una funcionalidad accesible y f\u00e1cil de entender.<\/p>\n<p>Un ejemplo de esto es el bot\u00f3n de espera ubicado discretamente dentro del logotipo de Primare en la placa frontal de nuestros modelos R15, R35 y A35.2, o como decimos lagom, ni demasiado ni muy poco, todo en equilibrio, proporci\u00f3n y armon\u00eda.<\/p>\n<p>&nbsp;<\/p>\n<p><img decoding=\"async\" src=\"https:\/\/www.studio-22.com\/media\/wysiwyg\/productos\/Primare_A35_2_Power_Amplifier_02.jpg\" \/><\/p>\n<p><strong>Dise\u00f1o modular y construcci\u00f3n de sistemas<\/strong><\/p>\n<p>Creemos que es esencial ofrecer modularidad siempre que sea posible para tener las caracter\u00edsticas correctas, tanto ahora como para el futuro. El dise\u00f1o modular se presenta en los amplificadores integrados I25 e I35, as\u00ed como en el preamplificador PRE35, todos los cuales se pueden actualizar con m\u00f3dulos DAC y Prisma, as\u00ed como en el reproductor de CD CD35 al que se le puede agregar el m\u00f3dulo Prisma, ya sea en el momento de la compra o en una fecha posterior. Como resultado, podemos ofrecer una gama cuidadosamente considerada de modelos y configuraciones para permitir la selecci\u00f3n del dispositivo que mejor se adapte a cualquier necesidad del sistema. El A35.2 es el compa\u00f1ero obvio para el PRE35 en sus diversas configuraciones, y aunque no es modular en s\u00ed mismo, permite una serie de opciones de configuraci\u00f3n para adaptarse a las necesidades del sistema, ya sea como un solo amplificador est\u00e9reo o como un par para usar en biamplificaci\u00f3n o en modo mono puenteado para 800 vatios de potencia pura por canal.<\/p>\n<h3><strong>Primare SPA25 Prisma<\/strong><\/h3>\n<table class=\"especificaciones\">\n<tbody>\n<tr>\n<td class=\"espazul\">POTENCIA DE SALIDA<\/td>\n<td class=\"espblanco\">9 x 90 W a 8 ohmios<br \/>\n9 x 90 W a 4 ohmios<br \/>\nPotencia total m\u00e1xima de 810W<\/td>\n<\/tr>\n<tr>\n<td class=\"espazul\">POTENCIA DE SALIDA<\/td>\n<td class=\"espblanco\">145W \/ 250W a 8\/4 ohmios por canal<\/td>\n<\/tr>\n<tr>\n<td class=\"espazul\">POTENCIA DE SALIDA<\/td>\n<td class=\"espblanco\">290W \/ 450W a 8\/4 ohmios por altavoz<\/td>\n<\/tr>\n<tr>\n<td class=\"espazul\">DAC<\/td>\n<td class=\"espblanco\">2 x ESS 9026PRO<\/td>\n<\/tr>\n<tr>\n<td class=\"espazul\">ENTRADAS ANAL\u00d3GICAS<\/td>\n<td class=\"espblanco\">5 x par RCA (Single Ended), con entrada multicanal 7.1<\/td>\n<\/tr>\n<tr>\n<td class=\"espazul\">ENTRADAS DIGITALES<\/td>\n<td class=\"espblanco\">1 x entradas digitales coaxial<br \/>\n1 x entradas digitales Toslink<br \/>\n1 x puerto USB de tipo B<br \/>\n4 x entradas HDMI 2.0b HDCP2.2<br \/>\n1 x puerto USB de tipo A<\/td>\n<\/tr>\n<tr>\n<td class=\"espazul\">SALIDAS DIGITALES<\/td>\n<td class=\"espblanco\">2 x salidas HDMI (una salida eARC) HDCP 2.2<\/td>\n<\/tr>\n<tr>\n<td class=\"espazul\">DECODIFICACI\u00d3N<\/td>\n<td class=\"espblanco\">Dolby Atmos, 11 canales<br \/>\nDTS X, 11 canales<\/td>\n<\/tr>\n<tr>\n<td class=\"espazul\">DIRAC LIVE<\/td>\n<td class=\"espblanco\">S\u00ed<\/td>\n<\/tr>\n<tr>\n<td class=\"espazul\">PRISMA<\/td>\n<td class=\"espblanco\">Prisma, Conectividad y control de reproductores de red<\/td>\n<\/tr>\n<tr>\n<td class=\"espazul\">ETHERNET<\/td>\n<td class=\"espblanco\">2 x RJ45 (entrada\/salida)<\/td>\n<\/tr>\n<tr>\n<td class=\"espazul\">WI-FI<\/td>\n<td class=\"espblanco\">WiFi<\/td>\n<\/tr>\n<tr>\n<td class=\"espazul\">BLUETOOTH<\/td>\n<td class=\"espblanco\">Bluetooth<\/td>\n<\/tr>\n<tr>\n<td class=\"espazul\">APLICACIONES<\/td>\n<td class=\"espblanco\">AirPlay2, Chromecast, Roon Ready, Spotify Connect<\/td>\n<\/tr>\n<tr>\n<td class=\"espazul\">CONTROL REMOTO PRISMA<\/td>\n<td class=\"espblanco\">Control remoto universal del sistema Primare<\/td>\n<\/tr>\n<tr>\n<td class=\"espazul\">ENTRADA AUXILIAR IR<\/td>\n<td class=\"espblanco\">1 x minijack 3.5 mm (entrada\/salida)<\/td>\n<\/tr>\n<tr>\n<td class=\"espazul\">TRIGGER<\/td>\n<td class=\"espblanco\">1 x trigger de 12V (2 entradas\/salidas)<\/td>\n<\/tr>\n<tr>\n<td class=\"espazul\">PUERTO DE CONTROL<\/td>\n<td class=\"espblanco\">RS232<\/td>\n<\/tr>\n<tr>\n<td class=\"espazul\">DIMENSIONES<\/td>\n<td class=\"espblanco\">430 mm (Ancho) x 145 mm (Alto) x 400 mm (Fondo)<\/td>\n<\/tr>\n<tr>\n<td class=\"espazul\">PESO<\/td>\n<td class=\"espblanco\">12 kg<\/td>\n<\/tr>\n<tr>\n<td class=\"espazul\">ACABADOS<\/td>\n<td class=\"espblanco\">Negro o titanio<\/td>\n<\/tr>\n<\/tbody>\n<\/table>\n<h3><strong>Primare A35.2<\/strong><\/h3>\n<table class=\"especificaciones\">\n<tbody>\n<tr>\n<td class=\"espazul\">POTENCIA DE SALIDA<\/td>\n<td class=\"espblanco\">2 x 200 W 8 ohmios<br \/>\n2 x 400 W 4 ohmios<\/td>\n<\/tr>\n<tr>\n<td class=\"espazul\">ENTRADAS<\/td>\n<td class=\"espblanco\">1 x par RCA (Single Ended)<br \/>\n1 x par XLR (Balanceada)<\/td>\n<\/tr>\n<tr>\n<td class=\"espazul\">TRIGGER<\/td>\n<td class=\"espblanco\">1 x trigger de 12V (2 entradas\/salidas)<\/td>\n<\/tr>\n<tr>\n<td class=\"espazul\">PUERTO DE CONTROL<\/td>\n<td class=\"espblanco\">RS232<\/td>\n<\/tr>\n<tr>\n<td class=\"espazul\">DIMENSIONES<\/td>\n<td class=\"espblanco\">430 mm (Ancho) x 145 mm (Alto) x 400 mm (Fondo)<\/td>\n<\/tr>\n<tr>\n<td class=\"espazul\">PESO<\/td>\n<td class=\"espblanco\">11,7 kg<\/td>\n<\/tr>\n<tr>\n<td class=\"espazul\">ACABADOS<\/td>\n<td class=\"espblanco\">Negro o titanio<\/td>\n<\/tr>\n<\/tbody>\n<\/table>\n","protected":false},"excerpt":{"rendered":"<p>Sistema formado por Primare SPA25 Prisma + Primare A35.2<\/p>\n","protected":false},"featured_media":5132,"comment_status":"closed","ping_status":"closed","template":"","meta":{"_et_pb_use_builder":"","_et_pb_old_content":"","_et_gb_content_width":""},"pwb-brand":[198],"product_brand":[],"product_cat":[58],"product_tag":[],"class_list":{"0":"post-5117","1":"product","2":"type-product","3":"status-publish","4":"has-post-thumbnail","6":"pwb-brand-primare","7":"product_cat-amplificadores-a-v","9":"first","10":"instock","11":"taxable","12":"shipping-taxable","13":"purchasable","14":"product-type-variable"},"brands":[{"id":198,"name":"Primare","slug":"primare"}],"_links":{"self":[{"href":"https:\/\/www.bastore.es\/en\/wp-json\/wp\/v2\/product\/5117","targetHints":{"allow":["GET"]}}],"collection":[{"href":"https:\/\/www.bastore.es\/en\/wp-json\/wp\/v2\/product"}],"about":[{"href":"https:\/\/www.bastore.es\/en\/wp-json\/wp\/v2\/types\/product"}],"replies":[{"embeddable":true,"href":"https:\/\/www.bastore.es\/en\/wp-json\/wp\/v2\/comments?post=5117"}],"wp:featuredmedia":[{"embeddable":true,"href":"https:\/\/www.bastore.es\/en\/wp-json\/wp\/v2\/media\/5132"}],"wp:attachment":[{"href":"https:\/\/www.bastore.es\/en\/wp-json\/wp\/v2\/media?parent=5117"}],"wp:term":[{"taxonomy":"pwb-brand","embeddable":true,"href":"https:\/\/www.bastore.es\/en\/wp-json\/wp\/v2\/pwb-brand?post=5117"},{"taxonomy":"product_brand","embeddable":true,"href":"https:\/\/www.bastore.es\/en\/wp-json\/wp\/v2\/product_brand?post=5117"},{"taxonomy":"product_cat","embeddable":true,"href":"https:\/\/www.bastore.es\/en\/wp-json\/wp\/v2\/product_cat?post=5117"},{"taxonomy":"product_tag","embeddable":true,"href":"https:\/\/www.bastore.es\/en\/wp-json\/wp\/v2\/product_tag?post=5117"}],"curies":[{"name":"wp","href":"https:\/\/api.w.org\/{rel}","templated":true}]}}