{"id":5083,"date":"2026-04-02T15:24:19","date_gmt":"2026-04-02T13:24:19","guid":{"rendered":"https:\/\/www.bastore.es\/?post_type=product&#038;p=5083"},"modified":"2026-04-02T15:24:19","modified_gmt":"2026-04-02T13:24:19","slug":"cd15-prisma-cd-and-network-player","status":"publish","type":"product","link":"https:\/\/www.bastore.es\/en\/producto\/cd15-prisma-cd-and-network-player\/","title":{"rendered":"CD15 PRISMA \u2013 CD AND NETWORK PLAYER"},"content":{"rendered":"<p><strong>Primare CD15 Prisma: Reproductor de CD y reproductor de red<\/strong><\/p>\n<p>CD15 Prisma es un reproductor multimedia de m\u00fasica digital compacto que ofrece discos CD de alta gama, reproducci\u00f3n de m\u00fasica multimedia digital almacenada y transmitida, con conectividad cableada e inal\u00e1mbrica y capacidades de control proporcionadas por la tecnolog\u00eda de reproductor de red Prisma.<\/p>\n<p><strong>Tecnolog\u00eda<\/strong><\/p>\n<p>El D15 Prisma es una fuente de m\u00fasica digital compacta y completa que incorpora una unidad de CD dedicada de carga por ranura con tecnolog\u00eda de control y conectividad Prisma, que alimenta una etapa DAC cuidadosamente dise\u00f1ada y una etapa de salida anal\u00f3gica finamente optimizada. Esto permite una reproducci\u00f3n completa de m\u00fasica digital, tanto desde medios almacenados como transmitidos en streaming, adem\u00e1s de funciones multisala y multizona. En modo de salida fija, es una fuente de m\u00fasica digital completa para cualquier sistema de audio de alta gama. En modo de salida variable, basta con conectar un par de altavoces autoamplificados para formar un sistema de m\u00fasica digital compacto y completo.<\/p>\n<p>&nbsp;<\/p>\n<p><img decoding=\"async\" src=\"https:\/\/www.studio-22.com\/media\/wysiwyg\/productos\/Primare_CD15_Prisma_01.jpg\" \/><\/p>\n<p><strong>Prisma: Tecnolog\u00eda de red y multisala<\/strong><\/p>\n<p>Prisma es un conjunto de tecnolog\u00edas que ofrece la m\u00e1s amplia gama de funciones y caracter\u00edsticas de reproductor de m\u00fasica en red. Creado para ser un reproductor de streaming que permitiera a todos, en cualquier lugar del hogar, explorar, descubrir y compartir la experiencia profundamente satisfactoria de la reproducci\u00f3n de m\u00fasica de alto rendimiento, Prisma ofrece conectividad multisala\/multizona y control del contenido multimedia almacenado y transmitido, ya sea con o sin cable, todo ello gestionado desde dispositivos m\u00f3viles a trav\u00e9s de la aplicaci\u00f3n dedicada de control del sistema Prisma.<\/p>\n<p>Adem\u00e1s de AirPlay 2, Bluetooth\u00ae, Roon Ready y Spotify Connect\u00ae, Prisma cuenta con Chromecast integrado, un portal de transmisi\u00f3n \u00fanico que permite una conexi\u00f3n directa sin esfuerzo a cientos de aplicaciones y servicios de transmisi\u00f3n, incluido el control por voz, para obtener el mejor rendimiento y la mejor experiencia de usuario posibles.<\/p>\n<p>&nbsp;<\/p>\n<p><img decoding=\"async\" src=\"https:\/\/www.studio-22.com\/media\/wysiwyg\/productos\/Primare_CD15_Prisma_02.jpg\" \/><\/p>\n<p><strong>La apariencia y la sensaci\u00f3n de Escandinavia<\/strong><\/p>\n<p>Creemos que cada aspecto de nuestros productos (su dise\u00f1o, la agradable sensaci\u00f3n de los controles) contribuye a la experiencia general de vivir con Primare. Como resultado, los productos Primare irradian el sello distintivo del dise\u00f1o escandinavo: dise\u00f1os sencillos y elegantes, con una funcionalidad accesible y f\u00e1cil de entender.<\/p>\n<p>Un ejemplo de esto son los gabinetes compactos, esencialmente de tres cuartos de tama\u00f1o, de la serie 15, que crean la sensaci\u00f3n de proporciones perfectas para permitir su ubicaci\u00f3n en cualquier entorno habitable, o como decimos lagom, ni demasiado ni muy poco, todo en equilibrio, proporci\u00f3n y armon\u00eda.<\/p>\n<p><strong>Construcci\u00f3n de sistemas<\/strong><\/p>\n<p>Con la Serie 15, ofrecemos una selecci\u00f3n de modelos cuidadosamente seleccionados para que pueda elegir la mejor opci\u00f3n para satisfacer todas sus necesidades de sistema. Por ejemplo, el sistema definitivo de la Serie 15 podr\u00eda ser el sistema de transporte de CD DD15, el preamplificador y reproductor de red SC15 Prisma, el amplificador integrado anal\u00f3gico I15 y el preamplificador de phono R15 MM\/MC, lo que permite el mejor rendimiento, anal\u00f3gico o digital, con la mayor cantidad de opciones de conexi\u00f3n. Sin embargo, si no se necesitan entradas digitales adicionales, la preamplificaci\u00f3n de phono MC no es necesaria o, simplemente por cuestiones de presupuesto o tama\u00f1o, se puede ensamblar un sistema compuesto por el reproductor de CD y red CD15 Prisma con un amplificador integrado I15 MM y un m\u00f3dulo de phono MM15 MM instalado. Este sistema compacto y econ\u00f3mico ofrece reproducci\u00f3n de m\u00faltiples fuentes anal\u00f3gicas, incluyendo discos de vinilo, as\u00ed como discos digitales, medios almacenados o en streaming, con una potencia, control y flexibilidad de conexi\u00f3n excepcionales.<\/p>\n<table class=\"especificaciones\">\n<tbody>\n<tr>\n<td class=\"espazul\">TRANSPORTE DE CD<\/td>\n<td class=\"espblanco\">Philips Slot Load<\/td>\n<\/tr>\n<tr>\n<td class=\"espazul\">ENTRADA DIGITAL<\/td>\n<td class=\"espblanco\">1 x puerto USB<\/td>\n<\/tr>\n<tr>\n<td class=\"espazul\">SALIDA ANAL\u00d3GICA<\/td>\n<td class=\"espblanco\">1 x par RCA (salida de l\u00ednea)<\/td>\n<\/tr>\n<tr>\n<td class=\"espazul\">SALIDAS DIGITALES<\/td>\n<td class=\"espblanco\">1 x salida digital \u00f3ptica Toslink<br \/>\n1 x salida digital coaxial<\/td>\n<\/tr>\n<tr>\n<td class=\"espazul\">DAC<\/td>\n<td class=\"espblanco\">AKM AK4490<\/td>\n<\/tr>\n<tr>\n<td class=\"espazul\">PUERTO DE CONTROL<\/td>\n<td class=\"espblanco\">RS232<\/td>\n<\/tr>\n<tr>\n<td class=\"espazul\">ETHERNET<\/td>\n<td class=\"espblanco\">2 x RJ45<\/td>\n<\/tr>\n<tr>\n<td class=\"espazul\">WIFI<\/td>\n<td class=\"espblanco\">Wi-Fi<\/td>\n<\/tr>\n<tr>\n<td class=\"espazul\">BLUETOOTH<\/td>\n<td class=\"espblanco\">Bluetooth<\/td>\n<\/tr>\n<tr>\n<td class=\"espazul\">PRISMA<\/td>\n<td class=\"espblanco\">Prisma control y conectividad<\/td>\n<\/tr>\n<tr>\n<td class=\"espazul\">CHROMECAST<\/td>\n<td class=\"espblanco\">S\u00ed<\/td>\n<\/tr>\n<tr>\n<td class=\"espazul\">ROON READY<\/td>\n<td class=\"espblanco\">S\u00ed<\/td>\n<\/tr>\n<tr>\n<td class=\"espazul\">SPOTIFY CONNECT<\/td>\n<td class=\"espblanco\">S\u00ed<\/td>\n<\/tr>\n<tr>\n<td class=\"espazul\">CONTROL REMOTO<\/td>\n<td class=\"espblanco\">Control remoto C25<\/td>\n<\/tr>\n<tr>\n<td class=\"espazul\">ENTRADA DE INFRARROJOS<\/td>\n<td class=\"espblanco\">1 x minijack 3,5 mm (entrada\/salida)<\/td>\n<\/tr>\n<tr>\n<td class=\"espazul\">TRIGGER DE 12V<\/td>\n<td class=\"espblanco\">Trigger de 12V 1 x minijack 3,5 mm (entrada\/salida)<\/td>\n<\/tr>\n<tr>\n<td class=\"espazul\">PUERTO DE CONTROL<\/td>\n<td class=\"espblanco\">RS232 del sistema<\/td>\n<\/tr>\n<tr>\n<td class=\"espazul\">DIMENSIONES<\/td>\n<td class=\"espblanco\">350 mm (Ancho) x 73 mm (Alto) x 329 mm (Fondo) con botones y conectores<\/td>\n<\/tr>\n<tr>\n<td class=\"espazul\">PESO<\/td>\n<td class=\"espblanco\">6,6 kg<\/td>\n<\/tr>\n<tr>\n<td class=\"espazul\">ACABADOS<\/td>\n<td class=\"espblanco\">Negro o titanio<\/td>\n<\/tr>\n<\/tbody>\n<\/table>\n","protected":false},"excerpt":{"rendered":"<p>Lector de CD con streaming y entradas digitales<\/p>\n","protected":false},"featured_media":5084,"comment_status":"closed","ping_status":"closed","template":"","meta":{"_et_pb_use_builder":"","_et_pb_old_content":"","_et_gb_content_width":""},"pwb-brand":[198],"product_brand":[],"product_cat":[38],"product_tag":[],"class_list":{"0":"post-5083","1":"product","2":"type-product","3":"status-publish","4":"has-post-thumbnail","6":"pwb-brand-primare","7":"product_cat-cd-sacd","9":"first","10":"instock","11":"taxable","12":"shipping-taxable","13":"purchasable","14":"product-type-variable"},"brands":[{"id":198,"name":"Primare","slug":"primare"}],"_links":{"self":[{"href":"https:\/\/www.bastore.es\/en\/wp-json\/wp\/v2\/product\/5083","targetHints":{"allow":["GET"]}}],"collection":[{"href":"https:\/\/www.bastore.es\/en\/wp-json\/wp\/v2\/product"}],"about":[{"href":"https:\/\/www.bastore.es\/en\/wp-json\/wp\/v2\/types\/product"}],"replies":[{"embeddable":true,"href":"https:\/\/www.bastore.es\/en\/wp-json\/wp\/v2\/comments?post=5083"}],"wp:featuredmedia":[{"embeddable":true,"href":"https:\/\/www.bastore.es\/en\/wp-json\/wp\/v2\/media\/5084"}],"wp:attachment":[{"href":"https:\/\/www.bastore.es\/en\/wp-json\/wp\/v2\/media?parent=5083"}],"wp:term":[{"taxonomy":"pwb-brand","embeddable":true,"href":"https:\/\/www.bastore.es\/en\/wp-json\/wp\/v2\/pwb-brand?post=5083"},{"taxonomy":"product_brand","embeddable":true,"href":"https:\/\/www.bastore.es\/en\/wp-json\/wp\/v2\/product_brand?post=5083"},{"taxonomy":"product_cat","embeddable":true,"href":"https:\/\/www.bastore.es\/en\/wp-json\/wp\/v2\/product_cat?post=5083"},{"taxonomy":"product_tag","embeddable":true,"href":"https:\/\/www.bastore.es\/en\/wp-json\/wp\/v2\/product_tag?post=5083"}],"curies":[{"name":"wp","href":"https:\/\/api.w.org\/{rel}","templated":true}]}}