{"id":5055,"date":"2026-04-02T15:12:05","date_gmt":"2026-04-02T13:12:05","guid":{"rendered":"https:\/\/www.bastore.es\/?post_type=product&#038;p=5055"},"modified":"2026-04-02T15:12:05","modified_gmt":"2026-04-02T13:12:05","slug":"dd35-cd-transport","status":"publish","type":"product","link":"https:\/\/www.bastore.es\/en\/producto\/dd35-cd-transport\/","title":{"rendered":"DD35 \u2013 CD TRANSPORT"},"content":{"rendered":"<p><strong>Primare DD35: Transporte de CD<\/strong><\/p>\n<p>DD35 es un transporte de CD dedicado de tama\u00f1o completo que utiliza una unidad de CD dedicada de baja resonancia de \u00faltima generaci\u00f3n y una salida digital de ruido ultrabajo.<\/p>\n<p><strong>Tecnolog\u00eda<\/strong><\/p>\n<p>El DD35 proporciona capacidades de transporte digital superiores a pr\u00e1cticamente cualquier sistema como resultado de su unidad de baja resonancia y salida digital de ruido ultra bajo, lo que lo convierte en el socio perfecto para cualquiera de los modelos de la l\u00ednea modular de productos: preamplificador PRE35, amplificadores integrados I35 y I25.<\/p>\n<p>&nbsp;<\/p>\n<p><img decoding=\"async\" src=\"https:\/\/www.studio-22.com\/media\/wysiwyg\/productos\/Primare_DD35_CD_Transport_01.jpg\" \/><\/p>\n<p>La unidad de CD dedicada TEAC de \u00faltima generaci\u00f3n suministra una se\u00f1al sin fluctuaciones a la etapa de salida digital que cuenta con su propia fuente de alimentaci\u00f3n discreta, lo que garantiza que la se\u00f1al m\u00e1s completa y sin ruido est\u00e9 disponible para la etapa de conversi\u00f3n digital a anal\u00f3gica elegida.<\/p>\n<p>Aunque est\u00e1 dise\u00f1ado principalmente para usarse con nuestra gama m\u00e1s reciente de productos Prisma, como el preamplificador PRE35 y las plataformas de amplificadores integrados I25 e I35, el DD35 encontrar\u00e1 un lugar en cualquier sistema donde se requiera una se\u00f1al digital de disco CD de la m\u00e1s alta calidad.<\/p>\n<p><strong>La apariencia y la sensaci\u00f3n de Escandinavia<\/strong><\/p>\n<p>Creemos que cada aspecto de nuestros productos, desde su dise\u00f1o hasta la comodidad de los controles, contribuye a la experiencia general de vivir con Primare. Como resultado, los productos Primare irradian el sello distintivo del dise\u00f1o escandinavo: dise\u00f1os sencillos y elegantes, con una funcionalidad accesible y f\u00e1cil de entender.<br \/>\nUn ejemplo de ello son los botones de control, cuidadosamente dise\u00f1ados para ofrecer la mejor sensaci\u00f3n t\u00e1ctil al usarlos: ni demasiado grandes ni demasiado peque\u00f1os, ni demasiado blandos ni demasiado r\u00edgidos, ni demasiado cerca ni demasiado lejos de la superficie del panel frontal; o como decimos lagom, ni demasiado ni demasiado poco, todo en equilibrio, proporci\u00f3n y armon\u00eda.<\/p>\n<p><strong>Dise\u00f1o modular y construcci\u00f3n de sistemas<\/strong><\/p>\n<p>Creemos que es esencial ofrecer modularidad siempre que sea posible para contar con las caracter\u00edsticas adecuadas, tanto ahora como en el futuro. El dise\u00f1o modular se caracteriza por los amplificadores integrados modulares I25 e I35, as\u00ed como por el preamplificador modular PRE35, todos ellos actualizables con m\u00f3dulos DAC y Prisma, y \u200b\u200bel reproductor de CD CD35, al que se le puede a\u00f1adir el m\u00f3dulo Prisma, ya sea al momento de la compra o posteriormente. Como resultado, podemos ofrecer una cuidada selecci\u00f3n de modelos y configuraciones para permitir la selecci\u00f3n del dispositivo que mejor se adapte a las necesidades de cualquier sistema. Por ejemplo, un CD35 con m\u00f3dulo Prisma instalado puede emparejarse con un amplificador integrado I35, lo que permite separar las etapas anal\u00f3gica y digital. O bien, un I35 con m\u00f3dulos DAC y Prisma instalados puede emparejarse con un transporte de CD DD35, lo que permite la reproducci\u00f3n multisala y multizona de cada entrada, ya sea anal\u00f3gica o digital.<\/p>\n<table class=\"especificaciones\">\n<tbody>\n<tr>\n<td class=\"espazul\">TRANSPORTE DE CD<\/td>\n<td class=\"espblanco\">Teac CD 5020A-AT<\/td>\n<\/tr>\n<tr>\n<td class=\"espazul\">SALIDAS DIGITALES<\/td>\n<td class=\"espblanco\">1 x RCA salida digital Toslink<br \/>\n1 x salida digital coaxial<\/td>\n<\/tr>\n<tr>\n<td class=\"espazul\">CONTROL REMOTO<\/td>\n<td class=\"espblanco\">Control remoto C25<\/td>\n<\/tr>\n<tr>\n<td class=\"espazul\">ENTRADA DE INFRARROJOS<\/td>\n<td class=\"espblanco\">1 x minijack 3,5 mm (entrada\/salida)<\/td>\n<\/tr>\n<tr>\n<td class=\"espazul\">TRIGGER DE 12V<\/td>\n<td class=\"espblanco\">1 x minijack 3,5 mm (entrada\/salida)<\/td>\n<\/tr>\n<tr>\n<td class=\"espazul\">PUERTO DE CONTROL<\/td>\n<td class=\"espblanco\">RS232 del sistema<\/td>\n<\/tr>\n<tr>\n<td class=\"espazul\">DIMENSIONES<\/td>\n<td class=\"espblanco\">430 mm (Ancho) x 106 mm (Alto) x 385 mm (Fondo) (con botones y conectores)<\/td>\n<\/tr>\n<tr>\n<td class=\"espazul\">PESO<\/td>\n<td class=\"espblanco\">10,8 kg<\/td>\n<\/tr>\n<tr>\n<td class=\"espazul\">ACABADOS<\/td>\n<td class=\"espblanco\">Negro o titanio<\/td>\n<\/tr>\n<\/tbody>\n<\/table>\n","protected":false},"excerpt":{"rendered":"<p>Lector de CD &#8211; CD TRANSPORTE<\/p>\n","protected":false},"featured_media":5056,"comment_status":"closed","ping_status":"closed","template":"","meta":{"_et_pb_use_builder":"","_et_pb_old_content":"","_et_gb_content_width":""},"pwb-brand":[198],"product_brand":[],"product_cat":[38],"product_tag":[],"class_list":{"0":"post-5055","1":"product","2":"type-product","3":"status-publish","4":"has-post-thumbnail","6":"pwb-brand-primare","7":"product_cat-cd-sacd","9":"first","10":"instock","11":"taxable","12":"shipping-taxable","13":"purchasable","14":"product-type-variable"},"brands":[{"id":198,"name":"Primare","slug":"primare"}],"_links":{"self":[{"href":"https:\/\/www.bastore.es\/en\/wp-json\/wp\/v2\/product\/5055","targetHints":{"allow":["GET"]}}],"collection":[{"href":"https:\/\/www.bastore.es\/en\/wp-json\/wp\/v2\/product"}],"about":[{"href":"https:\/\/www.bastore.es\/en\/wp-json\/wp\/v2\/types\/product"}],"replies":[{"embeddable":true,"href":"https:\/\/www.bastore.es\/en\/wp-json\/wp\/v2\/comments?post=5055"}],"wp:featuredmedia":[{"embeddable":true,"href":"https:\/\/www.bastore.es\/en\/wp-json\/wp\/v2\/media\/5056"}],"wp:attachment":[{"href":"https:\/\/www.bastore.es\/en\/wp-json\/wp\/v2\/media?parent=5055"}],"wp:term":[{"taxonomy":"pwb-brand","embeddable":true,"href":"https:\/\/www.bastore.es\/en\/wp-json\/wp\/v2\/pwb-brand?post=5055"},{"taxonomy":"product_brand","embeddable":true,"href":"https:\/\/www.bastore.es\/en\/wp-json\/wp\/v2\/product_brand?post=5055"},{"taxonomy":"product_cat","embeddable":true,"href":"https:\/\/www.bastore.es\/en\/wp-json\/wp\/v2\/product_cat?post=5055"},{"taxonomy":"product_tag","embeddable":true,"href":"https:\/\/www.bastore.es\/en\/wp-json\/wp\/v2\/product_tag?post=5055"}],"curies":[{"name":"wp","href":"https:\/\/api.w.org\/{rel}","templated":true}]}}