{"id":5013,"date":"2026-04-02T15:00:37","date_gmt":"2026-04-02T13:00:37","guid":{"rendered":"https:\/\/www.bastore.es\/?post_type=product&#038;p=5013"},"modified":"2026-04-02T15:04:02","modified_gmt":"2026-04-02T13:04:02","slug":"cd-35-prisma","status":"publish","type":"product","link":"https:\/\/www.bastore.es\/en\/producto\/cd-35-prisma\/","title":{"rendered":"CD 35 Prisma"},"content":{"rendered":"<p><strong>Primare CD35 Prisma: Reproductor de CD y reproductor de red<\/strong><\/p>\n<p>CD35 Prisma es un galardonado reproductor multimedia de m\u00fasica digital completo que ofrece reproducci\u00f3n superior de m\u00fasica multimedia digital almacenada y transmitida en discos CD, con conectividad cableada e inal\u00e1mbrica y capacidades de control proporcionadas por la tecnolog\u00eda de transmisi\u00f3n en red Prisma.<\/p>\n<p><strong>Tecnolog\u00eda<\/strong><\/p>\n<p>Cada componente del CD35 Prisma (la unidad, el DAC, la etapa de salida, la tecnolog\u00eda de reproductor de red Prisma) trabajan juntos en equilibrio y armon\u00eda, contribuyendo a lo que es simplemente el mejor reproductor de m\u00fasica digital que Primare haya ofrecido jam\u00e1s.<\/p>\n<p>En el coraz\u00f3n del CD35 Prisma hay una unidad de CD TEAC dedicada de \u00faltima generaci\u00f3n que suministra una se\u00f1al digital sin fluctuaciones a una etapa DAC completamente nueva que utiliza un chipset ESS Sabre de ocho canales de excelente sonido para convertir esa se\u00f1al en anal\u00f3gica para su entrega a una etapa de salida finamente ajustada.<\/p>\n<p>Hay dos opciones de salida disponibles. En el modo de salida fija, funciona como una fuente multimedia digital completa, almacenada y transmitida en disco, incluso para los sistemas m\u00e1s sofisticados. En el modo de salida variable, funciona como fuente y centro de control para un sistema de altavoces autoamplificados.<\/p>\n<p>Adem\u00e1s, el dise\u00f1o modular permite la posibilidad de agregar nuevos m\u00f3dulos y caracter\u00edsticas a medida que est\u00e9n disponibles.<\/p>\n<p>&nbsp;<\/p>\n<p><img decoding=\"async\" src=\"https:\/\/www.studio-22.com\/media\/wysiwyg\/productos\/Primare_CD35_01.jpg\" \/><\/p>\n<p><strong>Prisma: Tecnolog\u00eda de red y multisala<\/strong><\/p>\n<p>Prisma es un conjunto de tecnolog\u00edas que ofrece la m\u00e1s amplia gama de funciones y caracter\u00edsticas de reproductor de m\u00fasica en red. Creado para ser un reproductor de streaming que permitiera a todos, en cualquier lugar del hogar, explorar, descubrir y compartir la experiencia profundamente satisfactoria de la reproducci\u00f3n de m\u00fasica de alto rendimiento, Prisma ofrece conectividad multisala\/multizona y control del contenido multimedia almacenado y transmitido, ya sea con o sin cable, todo ello gestionado desde dispositivos m\u00f3viles a trav\u00e9s de la aplicaci\u00f3n dedicada de control del sistema Prisma.<\/p>\n<p>Adem\u00e1s de AirPlay 2, Bluetooth\u00ae, Roon Ready y Spotify Connect\u00ae, Prisma cuenta con Chromecast integrado, un portal de streaming \u00fanico que permite una conexi\u00f3n directa sin esfuerzo a cientos de aplicaciones y servicios de streaming, incluido el control por voz, para obtener el mejor rendimiento y la mejor experiencia de usuario posibles.<\/p>\n<p>&nbsp;<\/p>\n<p><img decoding=\"async\" src=\"https:\/\/www.studio-22.com\/media\/wysiwyg\/productos\/Primare_CD15_Prisma_02.jpg\" \/><\/p>\n<p><strong>La apariencia y la sensaci\u00f3n de Escandinavia<\/strong><\/p>\n<p>Creemos que cada aspecto de nuestros productos (su dise\u00f1o, la agradable sensaci\u00f3n de los controles) contribuye a la experiencia general de vivir con Primare. Como resultado, los productos Primare irradian el sello distintivo del dise\u00f1o escandinavo: dise\u00f1os sencillos y elegantes, con una funcionalidad accesible y f\u00e1cil de entender.<\/p>\n<p>Un ejemplo de esto son los botones de control, cuidadosamente elaborados para proporcionar la mejor sensaci\u00f3n t\u00e1ctil al usarlos: ni demasiado grandes ni demasiado peque\u00f1os, ni demasiado suaves ni demasiado r\u00edgidos, ni demasiado cerca ni demasiado lejos de la superficie de la placa frontal, o como decimos lagom, ni demasiado ni demasiado poco, todo en equilibrio, proporci\u00f3n y armon\u00eda.<\/p>\n<p><strong>Dise\u00f1o modular y construcci\u00f3n de sistemas<\/strong><\/p>\n<p>Creemos que es esencial ofrecer modularidad siempre que sea posible para contar con las caracter\u00edsticas adecuadas, tanto ahora como en el futuro. El dise\u00f1o modular se caracteriza por los amplificadores integrados modulares I25 e I35, as\u00ed como por el preamplificador modular PRE35, todos ellos actualizables con m\u00f3dulos DAC y Prisma, y \u200b\u200bel reproductor de CD CD35, al que se le puede a\u00f1adir el m\u00f3dulo Prisma, ya sea al momento de la compra o posteriormente. Como resultado, podemos ofrecer una cuidada selecci\u00f3n de modelos y configuraciones para permitir la selecci\u00f3n del dispositivo que mejor se adapte a las necesidades de cualquier sistema. Por ejemplo, un CD35 con m\u00f3dulo Prisma instalado puede emparejarse con un amplificador integrado I35, lo que permite separar las etapas anal\u00f3gica y digital. O bien, un I35 con m\u00f3dulos DAC y Prisma instalados puede emparejarse con un transporte de CD DD35, lo que permite la reproducci\u00f3n multisala y multizona de cada entrada, ya sea anal\u00f3gica o digital.<\/p>\n<table class=\"especificaciones\">\n<tbody>\n<tr>\n<td class=\"espazul\">TRANSPORTE DE CD<\/td>\n<td class=\"espblanco\">Teac CD 5020A-AT<\/td>\n<\/tr>\n<tr>\n<td class=\"espazul\">DAC<\/td>\n<td class=\"espblanco\">ESS Sabre ES9028PRO<\/td>\n<\/tr>\n<tr>\n<td class=\"espazul\">SALIDAS ANAL\u00d3GICAS<\/td>\n<td class=\"espblanco\">1 x par XLR (salida de l\u00ednea)<br \/>\n1 x par RCA (salida de l\u00ednea)<\/td>\n<\/tr>\n<tr>\n<td class=\"espazul\">SALIDAS DIGITALES<\/td>\n<td class=\"espblanco\">1 x RCA salida digital Toslink<br \/>\n1 x salida digital coaxial<\/td>\n<\/tr>\n<tr>\n<td class=\"espazul\">CONTROL REMOTO<\/td>\n<td class=\"espblanco\">Control remoto C25<\/td>\n<\/tr>\n<tr>\n<td class=\"espazul\">ENTRADA DE INFRARROJOS<\/td>\n<td class=\"espblanco\">1 x minijack 3,5 mm (entrada\/salida)<\/td>\n<\/tr>\n<tr>\n<td class=\"espazul\">TRIGGER DE 12V<\/td>\n<td class=\"espblanco\">1 x minijack 3,5 mm (entrada\/salida)<\/td>\n<\/tr>\n<tr>\n<td class=\"espazul\">PUERTO DE CONTROL<\/td>\n<td class=\"espblanco\">RS232 del sistema<\/td>\n<\/tr>\n<tr>\n<td class=\"espazul\">DIMENSIONES<\/td>\n<td class=\"espblanco\">430 mm (Ancho) x 106 mm (Alto) x 385 mm (Fondo) (con botones y conectores)<\/td>\n<\/tr>\n<tr>\n<td class=\"espazul\">PESO<\/td>\n<td class=\"espblanco\">10,8 kg<\/td>\n<\/tr>\n<tr>\n<td class=\"espazul\">ACABADOS<\/td>\n<td class=\"espblanco\">Negro o titanio<\/td>\n<\/tr>\n<\/tbody>\n<\/table>\n","protected":false},"excerpt":{"rendered":"<p>Lector de CD con streaming y entradas digitales<\/p>\n","protected":false},"featured_media":5043,"comment_status":"closed","ping_status":"closed","template":"","meta":{"_et_pb_use_builder":"","_et_pb_old_content":"","_et_gb_content_width":""},"pwb-brand":[198],"product_brand":[],"product_cat":[38],"product_tag":[],"class_list":{"0":"post-5013","1":"product","2":"type-product","3":"status-publish","4":"has-post-thumbnail","6":"pwb-brand-primare","7":"product_cat-cd-sacd","9":"first","10":"instock","11":"taxable","12":"shipping-taxable","13":"purchasable","14":"product-type-variable"},"brands":[{"id":198,"name":"Primare","slug":"primare"}],"_links":{"self":[{"href":"https:\/\/www.bastore.es\/en\/wp-json\/wp\/v2\/product\/5013","targetHints":{"allow":["GET"]}}],"collection":[{"href":"https:\/\/www.bastore.es\/en\/wp-json\/wp\/v2\/product"}],"about":[{"href":"https:\/\/www.bastore.es\/en\/wp-json\/wp\/v2\/types\/product"}],"replies":[{"embeddable":true,"href":"https:\/\/www.bastore.es\/en\/wp-json\/wp\/v2\/comments?post=5013"}],"wp:featuredmedia":[{"embeddable":true,"href":"https:\/\/www.bastore.es\/en\/wp-json\/wp\/v2\/media\/5043"}],"wp:attachment":[{"href":"https:\/\/www.bastore.es\/en\/wp-json\/wp\/v2\/media?parent=5013"}],"wp:term":[{"taxonomy":"pwb-brand","embeddable":true,"href":"https:\/\/www.bastore.es\/en\/wp-json\/wp\/v2\/pwb-brand?post=5013"},{"taxonomy":"product_brand","embeddable":true,"href":"https:\/\/www.bastore.es\/en\/wp-json\/wp\/v2\/product_brand?post=5013"},{"taxonomy":"product_cat","embeddable":true,"href":"https:\/\/www.bastore.es\/en\/wp-json\/wp\/v2\/product_cat?post=5013"},{"taxonomy":"product_tag","embeddable":true,"href":"https:\/\/www.bastore.es\/en\/wp-json\/wp\/v2\/product_tag?post=5013"}],"curies":[{"name":"wp","href":"https:\/\/api.w.org\/{rel}","templated":true}]}}