{"id":3678,"date":"2025-01-24T16:26:27","date_gmt":"2025-01-24T14:26:27","guid":{"rendered":"https:\/\/www.bastore.es\/producto\/axc35\/"},"modified":"2025-04-09T10:09:29","modified_gmt":"2025-04-09T08:09:29","slug":"axc35","status":"publish","type":"product","link":"https:\/\/www.bastore.es\/en\/product\/axc35\/","title":{"rendered":"AXC35"},"content":{"rendered":"<h2 class=\"text-align-center\">CD <strong>El Sonido Es Lo Primero<\/strong><\/h2>\n<p class=\"text-align-center\">El AXC35 es un elegante reproductor de CD sin interrupciones que cuenta con un conversor de se\u00f1al digital a anal\u00f3gica (DAC) de alta calidad. El Wolfson DAC integrado permite encontrar con precisi\u00f3n la informaci\u00f3n digital de tus discos, para enviarla al amplificador seleccionado, d\u00e1ndole nueva vida a tu colecci\u00f3n de CDs. Una salida coaxial digital te brinda opciones de salida alternativas.<\/p>\n<ul>\n<li>\n<p class=\"p1\">Reproducci\u00f3n Sin Pausas \u2013 ideal para piezas cl\u00e1sicas, \u00e1lbumes en vivo y mezclas de DJ<\/p>\n<\/li>\n<li>\n<p class=\"p1\">Wolfson DAC de alta calidad \u2013 garantiza que la informaci\u00f3n digital del disco se obtenga con precisi\u00f3n<\/p>\n<\/li>\n<li>\n<p class=\"p1\">Salida Coaxial Digital \u2013 para una conexi\u00f3n digital pura con amplificadores compatibles<span class=\"Apple-converted-space\">\u00a0<\/span><\/p>\n<\/li>\n<li>\n<p class=\"p1\">Dise\u00f1o delgado y elegante \u2013 dise\u00f1o cl\u00e1sico de hi-fi, pie tipo cu\u00f1a en la parte frontal con efecto flotante, acabado lunar grey<span class=\"Apple-converted-space\">\u00a0<\/span><\/p>\n<\/li>\n<li>\n<p class=\"p1\">Pantalla Digital \u2013 sofisticado LED blanco, informaci\u00f3n clara y visible<\/p>\n<\/li>\n<\/ul>\n<h2 class=\"tab-content-title\">Technical Specifications<\/h2>\n<div id=\"tech-specs\" class=\"tech-specs\">\n<div class=\"tech-specs-table\">\n<table class=\"uk-table\">\n<tbody>\n<tr class=\"visible\">\n<td class=\"tech-spec-first\">THD @ 1Khz -10dBFs<\/td>\n<td class=\"tech-spec-second\">&lt;0.01%<\/td>\n<\/tr>\n<tr class=\"visible\">\n<td class=\"tech-spec-first\">D\/A Convertor<\/td>\n<td class=\"tech-spec-second\">Wolfson Microelectronics WM8524<\/td>\n<\/tr>\n<tr class=\"visible\">\n<td class=\"tech-spec-first\">Gapless Playback<\/td>\n<td class=\"tech-spec-second\">Yes<\/td>\n<\/tr>\n<tr class=\"visible\">\n<td class=\"tech-spec-first\">Filter<\/td>\n<td class=\"tech-spec-second\">2 -pole Butterworth filter<\/td>\n<\/tr>\n<tr class=\"visible\">\n<td class=\"tech-spec-first\">Frequency response (+\/-0.4dB)<\/td>\n<td class=\"tech-spec-second\">20Hz &#8211; 20kHz<\/td>\n<\/tr>\n<tr class=\"visible\">\n<td class=\"tech-spec-first\">THD @ 1Khz 0dBFs<\/td>\n<td class=\"tech-spec-second\">&lt;0.006%<\/td>\n<\/tr>\n<tr class=\"hidden show\">\n<td class=\"tech-spec-first\">S\/N ratio, A weighted<\/td>\n<td class=\"tech-spec-second\">&gt;95dB<\/td>\n<\/tr>\n<tr class=\"hidden show\">\n<td class=\"tech-spec-first\">Crosstalk @1kHz<\/td>\n<td class=\"tech-spec-second\">&lt;-98dB<\/td>\n<\/tr>\n<tr class=\"hidden show\">\n<td class=\"tech-spec-first\">Crosstalk @20kHz<\/td>\n<td class=\"tech-spec-second\">&lt;-95dB<\/td>\n<\/tr>\n<tr class=\"hidden show\">\n<td class=\"tech-spec-first\">Output impedance<\/td>\n<td class=\"tech-spec-second\">&lt;50 ohms<\/td>\n<\/tr>\n<tr class=\"hidden show\">\n<td class=\"tech-spec-first\">Maximum power consumption<\/td>\n<td class=\"tech-spec-second\">15W<\/td>\n<\/tr>\n<tr class=\"hidden show\">\n<td class=\"tech-spec-first\">Standby power consumption<\/td>\n<td class=\"tech-spec-second\">&lt;0.5W<\/td>\n<\/tr>\n<tr class=\"hidden show\">\n<td class=\"tech-spec-first\">Dimensions<\/td>\n<td class=\"tech-spec-second\">75 x 430 x 305mm (3.0 x 16.9 x 12.2\u201d)<\/td>\n<\/tr>\n<tr class=\"hidden show\">\n<td class=\"tech-spec-first\">Weight<\/td>\n<td class=\"tech-spec-second\">4.3kg (9.5lbs)<\/td>\n<\/tr>\n<tr class=\"hidden show\">\n<td class=\"tech-spec-first\">S\/PDIF Output Impedance<\/td>\n<td class=\"tech-spec-second\">&lt;75 ohms<\/td>\n<\/tr>\n<\/tbody>\n<\/table>\n<\/div>\n<\/div>\n","protected":false},"excerpt":{"rendered":"<p>Lector de CD compatible con MP3<\/p>\n","protected":false},"featured_media":3831,"comment_status":"closed","ping_status":"closed","template":"","meta":{"_et_pb_use_builder":"","_et_pb_old_content":"","_et_gb_content_width":""},"pwb-brand":[152],"product_brand":[],"product_cat":[145],"product_tag":[],"class_list":{"0":"post-3678","1":"product","2":"type-product","3":"status-publish","4":"has-post-thumbnail","6":"pwb-brand-cambridge","7":"product_cat-cd-sacd-en","9":"first","10":"outofstock","11":"taxable","12":"shipping-taxable","13":"product-type-simple"},"brands":[{"id":152,"name":"Cambridge Audio","slug":"cambridge"}],"_links":{"self":[{"href":"https:\/\/www.bastore.es\/en\/wp-json\/wp\/v2\/product\/3678","targetHints":{"allow":["GET"]}}],"collection":[{"href":"https:\/\/www.bastore.es\/en\/wp-json\/wp\/v2\/product"}],"about":[{"href":"https:\/\/www.bastore.es\/en\/wp-json\/wp\/v2\/types\/product"}],"replies":[{"embeddable":true,"href":"https:\/\/www.bastore.es\/en\/wp-json\/wp\/v2\/comments?post=3678"}],"wp:featuredmedia":[{"embeddable":true,"href":"https:\/\/www.bastore.es\/en\/wp-json\/wp\/v2\/media\/3831"}],"wp:attachment":[{"href":"https:\/\/www.bastore.es\/en\/wp-json\/wp\/v2\/media?parent=3678"}],"wp:term":[{"taxonomy":"pwb-brand","embeddable":true,"href":"https:\/\/www.bastore.es\/en\/wp-json\/wp\/v2\/pwb-brand?post=3678"},{"taxonomy":"product_brand","embeddable":true,"href":"https:\/\/www.bastore.es\/en\/wp-json\/wp\/v2\/product_brand?post=3678"},{"taxonomy":"product_cat","embeddable":true,"href":"https:\/\/www.bastore.es\/en\/wp-json\/wp\/v2\/product_cat?post=3678"},{"taxonomy":"product_tag","embeddable":true,"href":"https:\/\/www.bastore.es\/en\/wp-json\/wp\/v2\/product_tag?post=3678"}],"curies":[{"name":"wp","href":"https:\/\/api.w.org\/{rel}","templated":true}]}}